{"id":2,"date":"2019-07-10T20:17:02","date_gmt":"2019-07-10T17:17:02","guid":{"rendered":"http:\/\/www.eceabat.bel.tr\/eng\/?page_id=2"},"modified":"2019-07-22T20:06:04","modified_gmt":"2019-07-22T17:06:04","slug":"contact","status":"publish","type":"page","link":"http:\/\/www.eceabat.bel.tr\/eng\/contact\/","title":{"rendered":"Contact"},"content":{"rendered":"<p>Telephone : 0 (286) 814 12 42<br \/>Fax : 0 (286) 814 10 36<\/p>\n<p>Adress : \u0130smetpa\u015fa Mah. Cumhuriyet Meydan\u0131 NO:2 Eceabat \/ \u00c7ANAKKALE<\/p>\n<p>eceabat\u00a0[@] eceabat.bel.tr<br \/>http:\/\/www.eceabat.bel.tr<\/p>\n","protected":false},"excerpt":{"rendered":"<p>Telephone : 0 (286) 814 12 42Fax : 0 (286) 814 10 36 Adress : \u0130smetpa\u015fa Mah. Cumhuriyet Meydan\u0131 NO:2 Eceabat \/ \u00c7ANAKKALE eceabat\u00a0[@] eceabat.bel.trhttp:\/\/www.eceabat.bel.tr<\/p>\n","protected":false},"author":1,"featured_media":0,"parent":0,"menu_order":0,"comment_status":"closed","ping_status":"closed","template":"","meta":[],"_links":{"self":[{"href":"http:\/\/www.eceabat.bel.tr\/eng\/wp-json\/wp\/v2\/pages\/2"}],"collection":[{"href":"http:\/\/www.eceabat.bel.tr\/eng\/wp-json\/wp\/v2\/pages"}],"about":[{"href":"http:\/\/www.eceabat.bel.tr\/eng\/wp-json\/wp\/v2\/types\/page"}],"author":[{"embeddable":true,"href":"http:\/\/www.eceabat.bel.tr\/eng\/wp-json\/wp\/v2\/users\/1"}],"replies":[{"embeddable":true,"href":"http:\/\/www.eceabat.bel.tr\/eng\/wp-json\/wp\/v2\/comments?post=2"}],"version-history":[{"count":2,"href":"http:\/\/www.eceabat.bel.tr\/eng\/wp-json\/wp\/v2\/pages\/2\/revisions"}],"predecessor-version":[{"id":28,"href":"http:\/\/www.eceabat.bel.tr\/eng\/wp-json\/wp\/v2\/pages\/2\/revisions\/28"}],"wp:attachment":[{"href":"http:\/\/www.eceabat.bel.tr\/eng\/wp-json\/wp\/v2\/media?parent=2"}],"curies":[{"name":"wp","href":"https:\/\/api.w.org\/{rel}","templated":true}]}}